{"id":14,"date":"2022-08-31T21:01:03","date_gmt":"2022-08-31T21:01:03","guid":{"rendered":"https:\/\/www.opem.cl\/araotehakake\/inicio\/"},"modified":"2022-11-02T14:11:46","modified_gmt":"2022-11-02T18:11:46","slug":"inicio","status":"publish","type":"page","link":"https:\/\/www.opem.cl\/araotehakake\/","title":{"rendered":"Ara o te Haka Ke"},"content":{"rendered":"\n<div class=\"wp-duotone-000000-7f7f7f-2 wp-block-cover alignfull is-light has-parallax is-style-default\" style=\"background-image:url(https:\/\/www.opem.cl\/araotehakake\/wp-content\/uploads\/2022\/08\/crop-0-0-1920-1440-0-emerson-moretto-untdBWqmlVk-unsplash.jpg)\"><span aria-hidden=\"true\" class=\"wp-block-cover__background has-ast-global-color-8-background-color has-background-dim\"><\/span><div class=\"wp-block-cover__inner-container\">\n<h1 class=\"has-quaternary-color has-text-color\" style=\"color:#ffffff\">Descubriendo el camino del <br>Emprendimiento en Rapa Nui<\/h1>\n\n\n\n<div class=\"wp-container-1 is-horizontal is-content-justification-left wp-block-buttons\">\n<div class=\"wp-block-button is-style-shadow\"><a class=\"wp-block-button__link has-quaternary-color has-ast-global-color-7-background-color has-text-color has-background\" href=\"https:\/\/www.opem.cl\/araotehakake\/#estudio\">Proyecto<\/a><\/div>\n\n\n\n<div class=\"wp-block-button is-style-shadow\"><a class=\"wp-block-button__link has-quaternary-color has-ast-global-color-7-background-color has-text-color has-background\" href=\"https:\/\/www.opem.cl\/araotehakake\/casos\/\">Casos<\/a><\/div>\n<\/div>\n<\/div><\/div>\n\n\n\n<p><\/p>\n\n\n\n<div class=\"wp-container-6 wp-block-columns alignwide are-vertically-aligned-top\" id=\"estudio\" style=\"padding-bottom:10px\">\n<div class=\"wp-container-3 wp-block-column is-vertically-aligned-top\" style=\"flex-basis:45%\">\n<h2>Description <br>Overview<\/h2>\n\n\n\n<p>\u00abAra o te Haka Ke\u00bb, The Journey of the entrepreneur on Rapa Nui is a study of the entrepreneurial ecosystem on Easter Island.<\/p>\n\n\n\n<p>The research features surveys and interviews conducted with entrepreneurs as well as references to the Isenberg Ecosystem Model.<\/p>\n\n\n\n<p>The goal is to learn how entrepreneurship develops in a particular culture, the role of women in business dynamics and the challenges they face when trying to build a start-up in a geographically remote location.<\/p>\n<\/div>\n\n\n\n<div class=\"wp-container-4 wp-block-column is-vertically-aligned-top\" style=\"flex-basis:5%\">\n<p><\/p>\n<\/div>\n\n\n\n<div class=\"wp-container-5 wp-block-column\" style=\"flex-basis:50%\">\n<h2 class=\"has-text-align-right\">Descripci\u00f3n<br>Introductoria<\/h2>\n\n\n\n<p class=\"has-text-align-right\">\u201cAra o te Haka Ke\u201d, El Camino del Emprendimiento en Rapa Nui es una investigaci\u00f3n sobre el ecosistema de emprendimiento en Isla de Pascua.<\/p>\n\n\n\n<p class=\"has-text-align-right\">Este trabajo de investigaci\u00f3n incluy\u00f3 encuestas y entrevistas a emprendedores como tambi\u00e9n referencias al Modelo de Ecosistemas de Isenberg.<\/p>\n\n\n\n<p class=\"has-text-align-right\">El objetivo es aprender c\u00f3mo se desarrolla el emprendimiento en una cultura \u00fanica, cu\u00e1l es el rol de las mujeres en la din\u00e1mica emprendedora y cu\u00e1les son los desaf\u00edos que enfrentan al emprender en condiciones de aislamiento geogr\u00e1fico.<\/p>\n<\/div>\n<\/div>\n\n\n\n<div class=\"wp-container-9 wp-block-columns alignwide are-vertically-aligned-top\" id=\"estudio\" style=\"padding-top:0px;padding-bottom:40px\">\n<div class=\"wp-container-7 wp-block-column is-vertically-aligned-top\" style=\"flex-basis:50%\">\n<figure class=\"wp-block-image alignleft size-medium is-resized\"><img loading=\"lazy\" src=\"https:\/\/www.opem.cl\/araotehakake\/wp-content\/uploads\/2022\/08\/AHK_EN_portada-300x300.png\" alt=\"\" class=\"wp-image-49\" width=\"350\" height=\"340\"\/><\/figure>\n<\/div>\n\n\n\n<div class=\"wp-container-8 wp-block-column is-vertically-aligned-top\" style=\"flex-basis:50%\">\n<figure class=\"wp-block-image alignright size-large is-resized\"><img loading=\"lazy\" src=\"https:\/\/www.opem.cl\/araotehakake\/wp-content\/uploads\/2022\/08\/AHK_opc_portada-1024x1024.png\" alt=\"\" class=\"wp-image-48\" width=\"350\" height=\"340\"\/><\/figure>\n<\/div>\n<\/div>\n\n\n\n<div class=\"inherit-container-width wp-container-10 wp-block-group alignfull has-tertiary-background-color has-background\">\n<div style=\"height:70px\" aria-hidden=\"true\" class=\"wp-block-spacer\"><\/div>\n<\/div>\n","protected":false},"excerpt":{"rendered":"<p>Description Overview \u00abAra o te Haka Ke\u00bb, The Journey of the entrepreneur on Rapa Nui is a study of the entrepreneurial ecosystem on Easter Island. The research features surveys and interviews conducted with entrepreneurs as well as references to the Isenberg Ecosystem Model. The goal is to learn how entrepreneurship develops in a particular culture, &hellip;<\/p>\n<p class=\"read-more\"> <a class=\"\" href=\"https:\/\/www.opem.cl\/araotehakake\/\"> <span class=\"screen-reader-text\">Ara o te Haka Ke<\/span> Leer m\u00e1s &raquo;<\/a><\/p>\n","protected":false},"author":1,"featured_media":0,"parent":0,"menu_order":0,"comment_status":"closed","ping_status":"closed","template":"","meta":{"_coblocks_attr":"","_coblocks_dimensions":"","_coblocks_responsive_height":"","_coblocks_accordion_ie_support":"","site-sidebar-layout":"default","site-content-layout":"default","ast-global-header-display":"","ast-main-header-display":"","ast-hfb-above-header-display":"","ast-hfb-below-header-display":"","ast-hfb-mobile-header-display":"","site-post-title":"disabled","ast-breadcrumbs-content":"","ast-featured-img":"","footer-sml-layout":"","theme-transparent-header-meta":"","adv-header-id-meta":"","stick-header-meta":"","header-above-stick-meta":"","header-main-stick-meta":"","header-below-stick-meta":""},"_links":{"self":[{"href":"https:\/\/www.opem.cl\/araotehakake\/wp-json\/wp\/v2\/pages\/14"}],"collection":[{"href":"https:\/\/www.opem.cl\/araotehakake\/wp-json\/wp\/v2\/pages"}],"about":[{"href":"https:\/\/www.opem.cl\/araotehakake\/wp-json\/wp\/v2\/types\/page"}],"author":[{"embeddable":true,"href":"https:\/\/www.opem.cl\/araotehakake\/wp-json\/wp\/v2\/users\/1"}],"replies":[{"embeddable":true,"href":"https:\/\/www.opem.cl\/araotehakake\/wp-json\/wp\/v2\/comments?post=14"}],"version-history":[{"count":29,"href":"https:\/\/www.opem.cl\/araotehakake\/wp-json\/wp\/v2\/pages\/14\/revisions"}],"predecessor-version":[{"id":160,"href":"https:\/\/www.opem.cl\/araotehakake\/wp-json\/wp\/v2\/pages\/14\/revisions\/160"}],"wp:attachment":[{"href":"https:\/\/www.opem.cl\/araotehakake\/wp-json\/wp\/v2\/media?parent=14"}],"curies":[{"name":"wp","href":"https:\/\/api.w.org\/{rel}","templated":true}]}}