{"id":33,"date":"2022-08-31T22:05:25","date_gmt":"2022-09-01T02:05:25","guid":{"rendered":"https:\/\/www.opem.cl\/araotehakake\/?page_id=33"},"modified":"2022-11-02T14:08:49","modified_gmt":"2022-11-02T18:08:49","slug":"autores","status":"publish","type":"page","link":"https:\/\/www.opem.cl\/araotehakake\/autores\/","title":{"rendered":"Autores"},"content":{"rendered":"\n<div class=\"wp-block-cover alignfull is-light has-parallax\" style=\"padding-top:50px;padding-right:50px;padding-bottom:50px;padding-left:50px;background-image:url(https:\/\/www.opem.cl\/araotehakake\/wp-content\/uploads\/2022\/08\/emerson-moretto-untdBWqmlVk-unsplash.jpg);min-height:350px\"><span aria-hidden=\"true\" class=\"wp-block-cover__background has-background-dim\" style=\"background-color:#000000\"><\/span><div class=\"wp-block-cover__inner-container\">\n<p class=\"has-large-font-size\"><strong><em>Autores:<\/em><\/strong><\/p>\n\n\n\n<h2 style=\"font-size:48px;line-height:1.2\">Josefa Villarroel &#8211; OPEM<\/h2>\n\n\n\n<div class=\"wp-container-3 wp-block-columns alignwide\">\n<div class=\"wp-container-2 wp-block-column\" style=\"flex-basis:60%\">\n<div class=\"wp-container-1 wp-block-buttons\">\n<div class=\"wp-block-button is-style-shadow\"><a class=\"wp-block-button__link has-ast-global-color-7-background-color has-text-color has-background\" href=\"https:\/\/www.opem.cl\/araotehakake\/autores\/#jv\" style=\"color:#ffffff\" rel=\"\">Leer m\u00e1s<\/a><\/div>\n<\/div>\n<\/div>\n<\/div>\n<\/div><\/div>\n\n\n\n<div style=\"height:50px\" aria-hidden=\"true\" id=\"jv\" class=\"wp-block-spacer\"><\/div>\n\n\n\n<h2 class=\"has-text-align-center\" style=\"margin-top:10px\">Josefa Villarroel<\/h2>\n\n\n\n<div class=\"wp-container-6 wp-block-columns alignwide\">\n<div class=\"wp-container-4 wp-block-column\">\n<p>Josefa Villarroel has dedicated the last 15 years of her professional career to creating Entrepreneurship Programs. She holds a Master&#8217;s degree in Public Policy and has worked with the public sector and academic institutions. Since January 2020 she has been living on Rapa Nui (Easter Island) and has led several projects that foster entrepreneurship among the local community.<\/p>\n<\/div>\n\n\n\n<div class=\"wp-container-5 wp-block-column\">\n<p class=\"has-text-align-right\">Josefa Villarroel, es especialista en Programas de Emprendimiento, a los cuales ha dedicado los \u00faltimos 15 a\u00f1os de su carrera profesional. Magister en Pol\u00edticas P\u00fablicas. Se ha desempe\u00f1ado en instituciones p\u00fablicas y acad\u00e9micas. Desde enero 2020 vive en Rapa Nui liderando varias iniciativas que promueven el emprendimiento en la comunidad local.<\/p>\n<\/div>\n<\/div>\n\n\n\n<div class=\"wp-container-8 wp-block-columns alignwide\" style=\"padding-top:0px\">\n<div class=\"wp-container-7 wp-block-column\">\n<figure class=\"wp-block-image aligncenter size-full is-resized\"><img loading=\"lazy\" src=\"https:\/\/www.opem.cl\/araotehakake\/wp-content\/uploads\/2022\/09\/JVillarroel-rapanui.jpeg\" alt=\"\" class=\"wp-image-125\" width=\"350\" height=\"350\" srcset=\"https:\/\/www.opem.cl\/araotehakake\/wp-content\/uploads\/2022\/09\/JVillarroel-rapanui.jpeg 844w, https:\/\/www.opem.cl\/araotehakake\/wp-content\/uploads\/2022\/09\/JVillarroel-rapanui-300x300.jpeg 300w, https:\/\/www.opem.cl\/araotehakake\/wp-content\/uploads\/2022\/09\/JVillarroel-rapanui-150x150.jpeg 150w, https:\/\/www.opem.cl\/araotehakake\/wp-content\/uploads\/2022\/09\/JVillarroel-rapanui-768x768.jpeg 768w\" sizes=\"(max-width: 350px) 100vw, 350px\" \/><figcaption>Josefa Villarroel<\/figcaption><\/figure>\n<\/div>\n<\/div>\n\n\n\n<div class=\"wp-block-button aligncenter\"><a class=\"wp-block-button__link\" href=\"https:\/\/www.josefavillarroel.cl\/\">www.josefavillarroel.cl<\/a><\/div>\n","protected":false},"excerpt":{"rendered":"<p>Josefa Villarroel Josefa Villarroel has dedicated the last 15 years of her professional career to creating Entrepreneurship Programs. She holds a Master&#8217;s degree in Public Policy and has worked with the public sector and academic institutions. Since January 2020 she has been living on Rapa Nui (Easter Island) and has led several projects that foster &hellip;<\/p>\n<p class=\"read-more\"> <a class=\"\" href=\"https:\/\/www.opem.cl\/araotehakake\/autores\/\"> <span class=\"screen-reader-text\">Autores<\/span> Leer m\u00e1s &raquo;<\/a><\/p>\n","protected":false},"author":1,"featured_media":0,"parent":0,"menu_order":0,"comment_status":"closed","ping_status":"closed","template":"","meta":{"_coblocks_attr":"","_coblocks_dimensions":"","_coblocks_responsive_height":"","_coblocks_accordion_ie_support":"","site-sidebar-layout":"default","site-content-layout":"default","ast-global-header-display":"","ast-main-header-display":"","ast-hfb-above-header-display":"","ast-hfb-below-header-display":"","ast-hfb-mobile-header-display":"","site-post-title":"disabled","ast-breadcrumbs-content":"","ast-featured-img":"","footer-sml-layout":"","theme-transparent-header-meta":"","adv-header-id-meta":"","stick-header-meta":"","header-above-stick-meta":"","header-main-stick-meta":"","header-below-stick-meta":""},"_links":{"self":[{"href":"https:\/\/www.opem.cl\/araotehakake\/wp-json\/wp\/v2\/pages\/33"}],"collection":[{"href":"https:\/\/www.opem.cl\/araotehakake\/wp-json\/wp\/v2\/pages"}],"about":[{"href":"https:\/\/www.opem.cl\/araotehakake\/wp-json\/wp\/v2\/types\/page"}],"author":[{"embeddable":true,"href":"https:\/\/www.opem.cl\/araotehakake\/wp-json\/wp\/v2\/users\/1"}],"replies":[{"embeddable":true,"href":"https:\/\/www.opem.cl\/araotehakake\/wp-json\/wp\/v2\/comments?post=33"}],"version-history":[{"count":21,"href":"https:\/\/www.opem.cl\/araotehakake\/wp-json\/wp\/v2\/pages\/33\/revisions"}],"predecessor-version":[{"id":158,"href":"https:\/\/www.opem.cl\/araotehakake\/wp-json\/wp\/v2\/pages\/33\/revisions\/158"}],"wp:attachment":[{"href":"https:\/\/www.opem.cl\/araotehakake\/wp-json\/wp\/v2\/media?parent=33"}],"curies":[{"name":"wp","href":"https:\/\/api.w.org\/{rel}","templated":true}]}}